{"id":693,"date":"2021-12-19T21:57:27","date_gmt":"2021-12-19T20:57:27","guid":{"rendered":"http:\/\/novasquad.pl\/?page_id=693"},"modified":"2025-05-07T23:00:58","modified_gmt":"2025-05-07T21:00:58","slug":"kontakt","status":"publish","type":"page","link":"https:\/\/novasquad.pl\/index.php\/nova-squad-2\/kontakt\/","title":{"rendered":"kontakt"},"content":{"rendered":"\t\t<div data-elementor-type=\"wp-page\" data-elementor-id=\"693\" class=\"elementor elementor-693\" data-elementor-post-type=\"page\">\n\t\t\t\t\t\t<header class=\"elementor-section elementor-top-section elementor-element elementor-element-f7c8e2d elementor-section-stretched elementor-hidden-desktop elementor-hidden-tablet elementor-section-boxed elementor-section-height-default elementor-section-height-default\" data-id=\"f7c8e2d\" data-element_type=\"section\" data-e-type=\"section\" data-settings=\"{&quot;stretch_section&quot;:&quot;section-stretched&quot;,&quot;background_background&quot;:&quot;classic&quot;}\">\n\t\t\t\t\t\t\t<div class=\"elementor-background-overlay\"><\/div>\n\t\t\t\t\t\t\t<div class=\"elementor-container elementor-column-gap-default\">\n\t\t\t\t\t<div class=\"elementor-column elementor-col-100 elementor-top-column elementor-element elementor-element-563a2e9\" data-id=\"563a2e9\" data-element_type=\"column\" data-e-type=\"column\" data-settings=\"{&quot;animation&quot;:&quot;none&quot;}\">\n\t\t\t<div class=\"elementor-widget-wrap elementor-element-populated\">\n\t\t\t\t\t\t<section class=\"elementor-section elementor-inner-section elementor-element elementor-element-f2f4164 elementor-section-full_width elementor-section-height-default elementor-section-height-default\" data-id=\"f2f4164\" data-element_type=\"section\" data-e-type=\"section\">\n\t\t\t\t\t\t<div class=\"elementor-container elementor-column-gap-no\">\n\t\t\t\t\t<div class=\"elementor-column elementor-col-100 elementor-inner-column elementor-element elementor-element-e8a9718\" data-id=\"e8a9718\" data-element_type=\"column\" data-e-type=\"column\">\n\t\t\t<div class=\"elementor-widget-wrap elementor-element-populated\">\n\t\t\t\t\t\t<div class=\"elementor-element elementor-element-be6f910 elementor-align-justify elementor-widget elementor-widget-button\" data-id=\"be6f910\" data-element_type=\"widget\" data-e-type=\"widget\" data-widget_type=\"button.default\">\n\t\t\t\t<div class=\"elementor-widget-container\">\n\t\t\t\t\t\t\t\t\t<div class=\"elementor-button-wrapper\">\n\t\t\t\t\t<a class=\"elementor-button elementor-button-link elementor-size-xl\" href=\"https:\/\/novasquad.pl\/\">\n\t\t\t\t\t\t<span class=\"elementor-button-content-wrapper\">\n\t\t\t\t\t\t\t\t\t<span class=\"elementor-button-text\">KONTAKT<\/span>\n\t\t\t\t\t<\/span>\n\t\t\t\t\t<\/a>\n\t\t\t\t<\/div>\n\t\t\t\t\t\t\t\t<\/div>\n\t\t\t\t<\/div>\n\t\t\t\t\t<\/div>\n\t\t<\/div>\n\t\t\t\t\t<\/div>\n\t\t<\/section>\n\t\t\t\t\t<\/div>\n\t\t<\/div>\n\t\t\t\t\t<\/div>\n\t\t<\/header>\n\t\t\t\t<header class=\"elementor-section elementor-top-section elementor-element elementor-element-c90ee94 elementor-section-stretched elementor-section-full_width elementor-hidden-mobile elementor-section-height-default elementor-section-height-default\" data-id=\"c90ee94\" data-element_type=\"section\" data-e-type=\"section\" data-settings=\"{&quot;stretch_section&quot;:&quot;section-stretched&quot;,&quot;background_background&quot;:&quot;classic&quot;}\">\n\t\t\t\t\t\t\t<div class=\"elementor-background-overlay\"><\/div>\n\t\t\t\t\t\t\t<div class=\"elementor-container elementor-column-gap-default\">\n\t\t\t\t\t<div class=\"elementor-column elementor-col-100 elementor-top-column elementor-element elementor-element-d1f5d36\" data-id=\"d1f5d36\" data-element_type=\"column\" data-e-type=\"column\" data-settings=\"{&quot;animation&quot;:&quot;none&quot;}\">\n\t\t\t<div class=\"elementor-widget-wrap elementor-element-populated\">\n\t\t\t\t\t\t<section class=\"elementor-section elementor-inner-section elementor-element elementor-element-69e960b elementor-section-full_width elementor-section-height-default elementor-section-height-default\" data-id=\"69e960b\" data-element_type=\"section\" data-e-type=\"section\">\n\t\t\t\t\t\t<div class=\"elementor-container elementor-column-gap-no\">\n\t\t\t\t\t<div class=\"elementor-column elementor-col-100 elementor-inner-column elementor-element elementor-element-eaebd89\" data-id=\"eaebd89\" data-element_type=\"column\" data-e-type=\"column\">\n\t\t\t<div class=\"elementor-widget-wrap elementor-element-populated\">\n\t\t\t\t\t\t\t<\/div>\n\t\t<\/div>\n\t\t\t\t\t<\/div>\n\t\t<\/section>\n\t\t\t\t<section class=\"elementor-section elementor-inner-section elementor-element elementor-element-a639f14 elementor-section-full_width elementor-section-height-default elementor-section-height-default\" data-id=\"a639f14\" data-element_type=\"section\" data-e-type=\"section\">\n\t\t\t\t\t\t<div class=\"elementor-container elementor-column-gap-no\">\n\t\t\t\t\t<div class=\"elementor-column elementor-col-50 elementor-inner-column elementor-element elementor-element-159cec1\" data-id=\"159cec1\" data-element_type=\"column\" data-e-type=\"column\">\n\t\t\t<div class=\"elementor-widget-wrap elementor-element-populated\">\n\t\t\t\t\t\t<div class=\"elementor-element elementor-element-8d2fbe5 elementor-align-justify elementor-widget elementor-widget-button\" data-id=\"8d2fbe5\" data-element_type=\"widget\" data-e-type=\"widget\" data-widget_type=\"button.default\">\n\t\t\t\t<div class=\"elementor-widget-container\">\n\t\t\t\t\t\t\t\t\t<div class=\"elementor-button-wrapper\">\n\t\t\t\t\t<a class=\"elementor-button elementor-button-link elementor-size-xl\" href=\"https:\/\/novasquad.pl\/\">\n\t\t\t\t\t\t<span class=\"elementor-button-content-wrapper\">\n\t\t\t\t\t\t\t\t\t<span class=\"elementor-button-text\">KONTAKT<\/span>\n\t\t\t\t\t<\/span>\n\t\t\t\t\t<\/a>\n\t\t\t\t<\/div>\n\t\t\t\t\t\t\t\t<\/div>\n\t\t\t\t<\/div>\n\t\t\t\t\t<\/div>\n\t\t<\/div>\n\t\t\t\t<div class=\"elementor-column elementor-col-50 elementor-inner-column elementor-element elementor-element-7019f0e\" data-id=\"7019f0e\" data-element_type=\"column\" data-e-type=\"column\">\n\t\t\t<div class=\"elementor-widget-wrap elementor-element-populated\">\n\t\t\t\t\t\t\t<\/div>\n\t\t<\/div>\n\t\t\t\t\t<\/div>\n\t\t<\/section>\n\t\t\t\t<section class=\"elementor-section elementor-inner-section elementor-element elementor-element-21775d8 elementor-section-full_width elementor-section-height-default elementor-section-height-default\" data-id=\"21775d8\" data-element_type=\"section\" data-e-type=\"section\">\n\t\t\t\t\t\t<div class=\"elementor-container elementor-column-gap-no\">\n\t\t\t\t\t<div class=\"elementor-column elementor-col-100 elementor-inner-column elementor-element elementor-element-4e7b4a9\" data-id=\"4e7b4a9\" data-element_type=\"column\" data-e-type=\"column\">\n\t\t\t<div class=\"elementor-widget-wrap elementor-element-populated\">\n\t\t\t\t\t\t\t<\/div>\n\t\t<\/div>\n\t\t\t\t\t<\/div>\n\t\t<\/section>\n\t\t\t\t\t<\/div>\n\t\t<\/div>\n\t\t\t\t\t<\/div>\n\t\t<\/header>\n\t\t\t\t<section class=\"elementor-section elementor-top-section elementor-element elementor-element-bfbf85d elementor-section-boxed elementor-section-height-default elementor-section-height-default\" data-id=\"bfbf85d\" data-element_type=\"section\" data-e-type=\"section\">\n\t\t\t\t\t\t<div class=\"elementor-container elementor-column-gap-default\">\n\t\t\t\t\t<div class=\"elementor-column elementor-col-100 elementor-top-column elementor-element elementor-element-ee11fed\" data-id=\"ee11fed\" data-element_type=\"column\" data-e-type=\"column\">\n\t\t\t<div class=\"elementor-widget-wrap elementor-element-populated\">\n\t\t\t\t\t\t<div class=\"elementor-element elementor-element-246b08e elementor-nav-menu__align-center elementor-nav-menu--dropdown-none elementor-widget elementor-widget-nav-menu\" data-id=\"246b08e\" data-element_type=\"widget\" data-e-type=\"widget\" data-settings=\"{&quot;layout&quot;:&quot;horizontal&quot;,&quot;submenu_icon&quot;:{&quot;value&quot;:&quot;&lt;i class=\\&quot;fas fa-caret-down\\&quot; aria-hidden=\\&quot;true\\&quot;&gt;&lt;\\\/i&gt;&quot;,&quot;library&quot;:&quot;fa-solid&quot;}}\" data-widget_type=\"nav-menu.default\">\n\t\t\t\t<div class=\"elementor-widget-container\">\n\t\t\t\t\t\t\t\t<nav aria-label=\"Menu\" class=\"elementor-nav-menu--main elementor-nav-menu__container elementor-nav-menu--layout-horizontal e--pointer-none\">\n\t\t\t\t<ul id=\"menu-1-246b08e\" class=\"elementor-nav-menu\"><li class=\"menu-item menu-item-type-post_type menu-item-object-page menu-item-home menu-item-1801\"><a href=\"https:\/\/novasquad.pl\/\" class=\"elementor-item\">NOVA SQUAD<\/a><\/li>\n<li class=\"menu-item menu-item-type-post_type menu-item-object-page menu-item-1805\"><a href=\"https:\/\/novasquad.pl\/index.php\/nova-squad-2\/o_studio\/\" class=\"elementor-item\">o studio<\/a><\/li>\n<li class=\"menu-item menu-item-type-post_type menu-item-object-page menu-item-3797\"><a href=\"https:\/\/novasquad.pl\/index.php\/nova-squad-2\/o_nas\/\" class=\"elementor-item\">o nas<\/a><\/li>\n<li class=\"menu-item menu-item-type-post_type menu-item-object-page menu-item-3828\"><a href=\"https:\/\/novasquad.pl\/index.php\/nova-squad-2\/konsultacje\/\" class=\"elementor-item\">konsultacje<\/a><\/li>\n<li class=\"menu-item menu-item-type-post_type menu-item-object-page menu-item-has-children menu-item-1807\"><a href=\"https:\/\/novasquad.pl\/index.php\/nova-squad-2\/oferta\/\" class=\"elementor-item\">oferta<\/a>\n<ul class=\"sub-menu elementor-nav-menu--dropdown\">\n\t<li class=\"menu-item menu-item-type-post_type menu-item-object-page menu-item-3794\"><a href=\"https:\/\/novasquad.pl\/index.php\/nova-squad-2\/oferta\/trening-personalny\/\" class=\"elementor-sub-item\">trening personalny<\/a><\/li>\n\t<li class=\"menu-item menu-item-type-post_type menu-item-object-page menu-item-3916\"><a href=\"https:\/\/novasquad.pl\/index.php\/nova-squad-2\/oferta\/trening-dla-dzieci\/\" class=\"elementor-sub-item\">trening dla dzieci<\/a><\/li>\n\t<li class=\"menu-item menu-item-type-post_type menu-item-object-page menu-item-4043\"><a href=\"https:\/\/novasquad.pl\/index.php\/nova-squad-2\/oferta\/mojelato25\/\" class=\"elementor-sub-item\">program premium \u201emoje lato\u201d<\/a><\/li>\n\t<li class=\"menu-item menu-item-type-post_type menu-item-object-page menu-item-4086\"><a href=\"https:\/\/novasquad.pl\/index.php\/nova-squad-2\/oferta\/napelnej\/\" class=\"elementor-sub-item\">program premium \u201ena pe\u0142nej pauzie\u201d<\/a><\/li>\n\t<li class=\"menu-item menu-item-type-post_type menu-item-object-page menu-item-3793\"><a href=\"https:\/\/novasquad.pl\/index.php\/nova-squad-2\/oferta\/male-kroki\/\" class=\"elementor-sub-item\">program \u201ema\u0142e kroki. du\u017ca zmiana\u201d<\/a><\/li>\n<\/ul>\n<\/li>\n<li class=\"menu-item menu-item-type-post_type menu-item-object-page menu-item-3796\"><a href=\"https:\/\/novasquad.pl\/index.php\/nova-squad-2\/newsletter\/\" class=\"elementor-item\">newsletter<\/a><\/li>\n<li class=\"menu-item menu-item-type-post_type menu-item-object-page menu-item-1802\"><a href=\"https:\/\/novasquad.pl\/index.php\/nova-squad-2\/kontakt\/\" class=\"elementor-item\">kontakt<\/a><\/li>\n<\/ul>\t\t\t<\/nav>\n\t\t\t\t\t\t<nav class=\"elementor-nav-menu--dropdown elementor-nav-menu__container\" aria-hidden=\"true\">\n\t\t\t\t<ul id=\"menu-2-246b08e\" class=\"elementor-nav-menu\"><li class=\"menu-item menu-item-type-post_type menu-item-object-page menu-item-home menu-item-1801\"><a href=\"https:\/\/novasquad.pl\/\" class=\"elementor-item\" tabindex=\"-1\">NOVA SQUAD<\/a><\/li>\n<li class=\"menu-item menu-item-type-post_type menu-item-object-page menu-item-1805\"><a href=\"https:\/\/novasquad.pl\/index.php\/nova-squad-2\/o_studio\/\" class=\"elementor-item\" tabindex=\"-1\">o studio<\/a><\/li>\n<li class=\"menu-item menu-item-type-post_type menu-item-object-page menu-item-3797\"><a href=\"https:\/\/novasquad.pl\/index.php\/nova-squad-2\/o_nas\/\" class=\"elementor-item\" tabindex=\"-1\">o nas<\/a><\/li>\n<li class=\"menu-item menu-item-type-post_type menu-item-object-page menu-item-3828\"><a href=\"https:\/\/novasquad.pl\/index.php\/nova-squad-2\/konsultacje\/\" class=\"elementor-item\" tabindex=\"-1\">konsultacje<\/a><\/li>\n<li class=\"menu-item menu-item-type-post_type menu-item-object-page menu-item-has-children menu-item-1807\"><a href=\"https:\/\/novasquad.pl\/index.php\/nova-squad-2\/oferta\/\" class=\"elementor-item\" tabindex=\"-1\">oferta<\/a>\n<ul class=\"sub-menu elementor-nav-menu--dropdown\">\n\t<li class=\"menu-item menu-item-type-post_type menu-item-object-page menu-item-3794\"><a href=\"https:\/\/novasquad.pl\/index.php\/nova-squad-2\/oferta\/trening-personalny\/\" class=\"elementor-sub-item\" tabindex=\"-1\">trening personalny<\/a><\/li>\n\t<li class=\"menu-item menu-item-type-post_type menu-item-object-page menu-item-3916\"><a href=\"https:\/\/novasquad.pl\/index.php\/nova-squad-2\/oferta\/trening-dla-dzieci\/\" class=\"elementor-sub-item\" tabindex=\"-1\">trening dla dzieci<\/a><\/li>\n\t<li class=\"menu-item menu-item-type-post_type menu-item-object-page menu-item-4043\"><a href=\"https:\/\/novasquad.pl\/index.php\/nova-squad-2\/oferta\/mojelato25\/\" class=\"elementor-sub-item\" tabindex=\"-1\">program premium \u201emoje lato\u201d<\/a><\/li>\n\t<li class=\"menu-item menu-item-type-post_type menu-item-object-page menu-item-4086\"><a href=\"https:\/\/novasquad.pl\/index.php\/nova-squad-2\/oferta\/napelnej\/\" class=\"elementor-sub-item\" tabindex=\"-1\">program premium \u201ena pe\u0142nej pauzie\u201d<\/a><\/li>\n\t<li class=\"menu-item menu-item-type-post_type menu-item-object-page menu-item-3793\"><a href=\"https:\/\/novasquad.pl\/index.php\/nova-squad-2\/oferta\/male-kroki\/\" class=\"elementor-sub-item\" tabindex=\"-1\">program \u201ema\u0142e kroki. du\u017ca zmiana\u201d<\/a><\/li>\n<\/ul>\n<\/li>\n<li class=\"menu-item menu-item-type-post_type menu-item-object-page menu-item-3796\"><a href=\"https:\/\/novasquad.pl\/index.php\/nova-squad-2\/newsletter\/\" class=\"elementor-item\" tabindex=\"-1\">newsletter<\/a><\/li>\n<li class=\"menu-item menu-item-type-post_type menu-item-object-page menu-item-1802\"><a href=\"https:\/\/novasquad.pl\/index.php\/nova-squad-2\/kontakt\/\" class=\"elementor-item\" tabindex=\"-1\">kontakt<\/a><\/li>\n<\/ul>\t\t\t<\/nav>\n\t\t\t\t\t\t<\/div>\n\t\t\t\t<\/div>\n\t\t\t\t\t<\/div>\n\t\t<\/div>\n\t\t\t\t\t<\/div>\n\t\t<\/section>\n\t\t\t\t<section class=\"elementor-section elementor-top-section elementor-element elementor-element-e107816 elementor-section-boxed elementor-section-height-default elementor-section-height-default\" data-id=\"e107816\" data-element_type=\"section\" data-e-type=\"section\">\n\t\t\t\t\t\t<div class=\"elementor-container elementor-column-gap-default\">\n\t\t\t\t\t<div class=\"elementor-column elementor-col-100 elementor-top-column elementor-element elementor-element-791a14a\" data-id=\"791a14a\" data-element_type=\"column\" data-e-type=\"column\">\n\t\t\t<div class=\"elementor-widget-wrap elementor-element-populated\">\n\t\t\t\t\t\t<div class=\"elementor-element elementor-element-ce0ba20 elementor-widget elementor-widget-text-editor\" data-id=\"ce0ba20\" data-element_type=\"widget\" data-e-type=\"widget\" data-widget_type=\"text-editor.default\">\n\t\t\t\t<div class=\"elementor-widget-container\">\n\t\t\t\t\t\t\t\t\t<p><strong>Adres studia treningowego:<\/strong><\/p><p>NOVA SQUAD<\/p><p>Ul. Federowicza 27\/6, 30-392 Krak\u00f3w<\/p><p>Tel. 606\u00a0311\u00a0849<\/p><p>Mail: <a href=\"mailto:biuro@novasquad.pl\" target=\"_blank\" rel=\"noopener\">biuro@novasquad.pl<\/a><\/p><p><br \/><strong><br \/>Dane do p\u0142atno\u015bci:<\/strong><\/p><p>NOVA SQUAD Sp. z o.o.<\/p><p>Ul. Szuwarowa 5\/118, 30-384 Krak\u00f3w<br \/><br \/>W tytule przelewu prosz\u0119 precyzyjnie okre\u015bli\u0107 przedmiot zakupu (np. pakiet treningowy 8)<\/p><p>Numer rachunku bankowego: 53194010763253282300000000<br \/>w\u00a0Credit\u00a0Agricole\u00a0Bank\u00a0Polska\u00a0S.A.<\/p>\t\t\t\t\t\t\t\t<\/div>\n\t\t\t\t<\/div>\n\t\t\t\t\t<\/div>\n\t\t<\/div>\n\t\t\t\t\t<\/div>\n\t\t<\/section>\n\t\t\t\t<\/div>\n\t\t","protected":false},"excerpt":{"rendered":"<p>KONTAKT KONTAKT Adres studia treningowego: NOVA SQUAD Ul. Federowicza 27\/6, 30-392 Krak\u00f3w Tel. 606\u00a0311\u00a0849 Mail: biuro@novasquad.pl Dane do p\u0142atno\u015bci: NOVA SQUAD Sp. z o.o. Ul. Szuwarowa 5\/118, 30-384 Krak\u00f3w W tytule przelewu prosz\u0119 precyzyjnie okre\u015bli\u0107 przedmiot zakupu (np. pakiet treningowy 8) Numer rachunku bankowego: 53194010763253282300000000w\u00a0Credit\u00a0Agricole\u00a0Bank\u00a0Polska\u00a0S.A.<\/p>\n","protected":false},"author":1,"featured_media":0,"parent":610,"menu_order":0,"comment_status":"closed","ping_status":"closed","template":"elementor_canvas","meta":{"_kad_post_transparent":"","_kad_post_title":"","_kad_post_layout":"","_kad_post_sidebar_id":"","_kad_post_content_style":"","_kad_post_vertical_padding":"","_kad_post_feature":"","_kad_post_feature_position":"","_kad_post_header":false,"_kad_post_footer":false,"footnotes":""},"class_list":["post-693","page","type-page","status-publish","hentry"],"_links":{"self":[{"href":"https:\/\/novasquad.pl\/index.php\/wp-json\/wp\/v2\/pages\/693","targetHints":{"allow":["GET"]}}],"collection":[{"href":"https:\/\/novasquad.pl\/index.php\/wp-json\/wp\/v2\/pages"}],"about":[{"href":"https:\/\/novasquad.pl\/index.php\/wp-json\/wp\/v2\/types\/page"}],"author":[{"embeddable":true,"href":"https:\/\/novasquad.pl\/index.php\/wp-json\/wp\/v2\/users\/1"}],"replies":[{"embeddable":true,"href":"https:\/\/novasquad.pl\/index.php\/wp-json\/wp\/v2\/comments?post=693"}],"version-history":[{"count":60,"href":"https:\/\/novasquad.pl\/index.php\/wp-json\/wp\/v2\/pages\/693\/revisions"}],"predecessor-version":[{"id":4112,"href":"https:\/\/novasquad.pl\/index.php\/wp-json\/wp\/v2\/pages\/693\/revisions\/4112"}],"up":[{"embeddable":true,"href":"https:\/\/novasquad.pl\/index.php\/wp-json\/wp\/v2\/pages\/610"}],"wp:attachment":[{"href":"https:\/\/novasquad.pl\/index.php\/wp-json\/wp\/v2\/media?parent=693"}],"curies":[{"name":"wp","href":"https:\/\/api.w.org\/{rel}","templated":true}]}}